{"id":3038,"date":"2026-04-20T23:04:41","date_gmt":"2026-04-20T21:04:41","guid":{"rendered":"https:\/\/coole-sticker.de\/?post_type=product&#038;p=3038"},"modified":"2026-04-21T12:39:25","modified_gmt":"2026-04-21T10:39:25","slug":"sticker-sticker-set-florale-anatomie","status":"publish","type":"product","link":"https:\/\/coole-sticker.de\/?product=sticker-sticker-set-florale-anatomie","title":{"rendered":"Sticker &#8211; Sticker Set &#8211; Florale Anatomie"},"content":{"rendered":"<p>Sticker &#8211; Sticker Set &#8211;\u00a0 Florale Anatomie &#8211; 7 St\u00fcck<\/p>\n<p>W\u00e4hlen Sie den Sticker Ihrer Wahl, oder nehmen Sie das Set<\/p>\n<p>Die einzelnen Aufkleber sind jeweils 7,5 cm. Im Set sind die Sticker zwischen 5,5cm &#8211; 6,5cm .<\/p>\n<p>W\u00e4hlen Sie aus verschiedenen Hintergr\u00fcnden (Schwarz, Wei\u00df) und aus den Oberfl\u00e4chen Matt oder Gl\u00e4nzend.<\/p>\n<p>Die Aufkleber sind wasserfest und haften auf allen trockenen, staub -und fettfreien Untergr\u00fcnden.<\/p>\n","protected":false},"excerpt":{"rendered":"<p>Sticker- -Sticker Set &#8211;\u00a0 Florale Anatomie &#8211; 7 St\u00fcck,<\/p>\n<p>Herz, Lunge, Auge, Rippen<\/p>\n<p>Alle angegebenen Preise sind Endpreise zzgl. Liefer-\/Versandkosten.<\/p>\n<p>Aufgrund des Kleinunternehmerstatus gem. \u00a7 19 UStG erheben wir keine Umsatzsteuer und weisen diese daher auch nicht aus.&#8220;<\/p>\n<p>&nbsp;<\/p>\n<p>&nbsp;<\/p>\n<p>&nbsp;<\/p>\n","protected":false},"featured_media":2961,"template":"","meta":[],"product_brand":[],"product_cat":[67,68,57,33,34,41],"product_tag":[97,61,96,95,92,93,94,66],"class_list":{"0":"post-3038","1":"product","2":"type-product","3":"status-publish","4":"has-post-thumbnail","6":"product_cat-extra","7":"product_cat-extra-neu","8":"product_cat-neu","9":"product_cat-sticker","10":"product_cat-sticker-sets","11":"product_cat-sticker-sets-selbstklebend","12":"product_tag-anatomie","13":"product_tag-aufkleber","14":"product_tag-floral","15":"product_tag-hand","16":"product_tag-herz","17":"product_tag-lunge","18":"product_tag-rippen","19":"product_tag-sticker","21":"first","22":"instock","23":"shipping-taxable","24":"purchasable","25":"product-type-variable"},"_links":{"self":[{"href":"https:\/\/coole-sticker.de\/index.php?rest_route=\/wp\/v2\/product\/3038","targetHints":{"allow":["GET"]}}],"collection":[{"href":"https:\/\/coole-sticker.de\/index.php?rest_route=\/wp\/v2\/product"}],"about":[{"href":"https:\/\/coole-sticker.de\/index.php?rest_route=\/wp\/v2\/types\/product"}],"wp:featuredmedia":[{"embeddable":true,"href":"https:\/\/coole-sticker.de\/index.php?rest_route=\/wp\/v2\/media\/2961"}],"wp:attachment":[{"href":"https:\/\/coole-sticker.de\/index.php?rest_route=%2Fwp%2Fv2%2Fmedia&parent=3038"}],"wp:term":[{"taxonomy":"product_brand","embeddable":true,"href":"https:\/\/coole-sticker.de\/index.php?rest_route=%2Fwp%2Fv2%2Fproduct_brand&post=3038"},{"taxonomy":"product_cat","embeddable":true,"href":"https:\/\/coole-sticker.de\/index.php?rest_route=%2Fwp%2Fv2%2Fproduct_cat&post=3038"},{"taxonomy":"product_tag","embeddable":true,"href":"https:\/\/coole-sticker.de\/index.php?rest_route=%2Fwp%2Fv2%2Fproduct_tag&post=3038"}],"curies":[{"name":"wp","href":"https:\/\/api.w.org\/{rel}","templated":true}]}}