{"id":2880,"date":"2026-04-19T21:28:40","date_gmt":"2026-04-19T19:28:40","guid":{"rendered":"https:\/\/coole-sticker.de\/?post_type=product&#038;p=2880"},"modified":"2026-04-20T23:04:25","modified_gmt":"2026-04-20T21:04:25","slug":"sticker-set-mystische-wesen","status":"publish","type":"product","link":"https:\/\/coole-sticker.de\/?product=sticker-set-mystische-wesen","title":{"rendered":"Sticker &#8211; Mystische Wesen"},"content":{"rendered":"<p>Sticker &#8211; Mystische Wesen<\/p>\n<p>W\u00e4hlen Sie den Sticker Ihrer Wahl<\/p>\n<p>Die Aufkleber sind jeweils 7,5 cm<\/p>\n<p>W\u00e4hlen Sie aus verschiedenen Hintergr\u00fcnden (Schwarz, Wei\u00df) und aus den Oberfl\u00e4chen Matt oder Gl\u00e4nzend.<\/p>\n<p>Die Aufkleber sind wasserfest und haften auf allen trockenen, staub -und fettfreien Untergr\u00fcnden.<\/p>\n","protected":false},"excerpt":{"rendered":"<p>Sticker- -Mystische Wesen<\/p>\n<p>Alle angegebenen Preise sind Endpreise zzgl. Liefer-\/Versandkosten.<\/p>\n<p>Aufgrund des Kleinunternehmerstatus gem. \u00a7 19 UStG erheben wir keine Umsatzsteuer und weisen diese daher auch nicht aus.&#8220;<\/p>\n<p>&nbsp;<\/p>\n<p>&nbsp;<\/p>\n<p>&nbsp;<\/p>\n","protected":false},"featured_media":2879,"template":"","meta":[],"product_brand":[],"product_cat":[67,68,57,33],"product_tag":[61,90,89,91,66],"class_list":{"0":"post-2880","1":"product","2":"type-product","3":"status-publish","4":"has-post-thumbnail","6":"product_cat-extra","7":"product_cat-extra-neu","8":"product_cat-neu","9":"product_cat-sticker","10":"product_tag-aufkleber","11":"product_tag-medusa","12":"product_tag-mystische-wesen","13":"product_tag-pegasus","14":"product_tag-sticker","16":"first","17":"instock","18":"shipping-taxable","19":"purchasable","20":"product-type-variable"},"_links":{"self":[{"href":"https:\/\/coole-sticker.de\/index.php?rest_route=\/wp\/v2\/product\/2880","targetHints":{"allow":["GET"]}}],"collection":[{"href":"https:\/\/coole-sticker.de\/index.php?rest_route=\/wp\/v2\/product"}],"about":[{"href":"https:\/\/coole-sticker.de\/index.php?rest_route=\/wp\/v2\/types\/product"}],"wp:featuredmedia":[{"embeddable":true,"href":"https:\/\/coole-sticker.de\/index.php?rest_route=\/wp\/v2\/media\/2879"}],"wp:attachment":[{"href":"https:\/\/coole-sticker.de\/index.php?rest_route=%2Fwp%2Fv2%2Fmedia&parent=2880"}],"wp:term":[{"taxonomy":"product_brand","embeddable":true,"href":"https:\/\/coole-sticker.de\/index.php?rest_route=%2Fwp%2Fv2%2Fproduct_brand&post=2880"},{"taxonomy":"product_cat","embeddable":true,"href":"https:\/\/coole-sticker.de\/index.php?rest_route=%2Fwp%2Fv2%2Fproduct_cat&post=2880"},{"taxonomy":"product_tag","embeddable":true,"href":"https:\/\/coole-sticker.de\/index.php?rest_route=%2Fwp%2Fv2%2Fproduct_tag&post=2880"}],"curies":[{"name":"wp","href":"https:\/\/api.w.org\/{rel}","templated":true}]}}