{"id":2750,"date":"2026-03-30T20:22:46","date_gmt":"2026-03-30T18:22:46","guid":{"rendered":"https:\/\/coole-sticker.de\/?post_type=product&#038;p=2750"},"modified":"2026-03-30T20:29:03","modified_gmt":"2026-03-30T18:29:03","slug":"sticker-set-vampire-2-7-stueck","status":"publish","type":"product","link":"https:\/\/coole-sticker.de\/?product=sticker-set-vampire-2-7-stueck","title":{"rendered":"Sticker-Set &#8211; Vampire 2 &#8211; 7 St\u00fcck"},"content":{"rendered":"<p>Sticker-Set &#8211; Vampire 2 &#8211; 7 St\u00fcck<\/p>\n<p>Dieses Aufkleber Set besteht aus 7 Stickern, zwischen 4cm und 7cm.<\/p>\n<p>W\u00e4hlen Sie aus verschiedenen Hintergr\u00fcnden (Schwarz, Wei\u00df) und aus den Oberfl\u00e4chen Matt oder Gl\u00e4nzend.<\/p>\n<p>Die Aufkleber sind wasserfest und haften auf allen trockenen, staub -und fettfreien Untergr\u00fcnden.<\/p>\n","protected":false},"excerpt":{"rendered":"<p>Sticker-Set -Vampire 2 &#8211; 7 St\u00fcck<\/p>\n<p>Alle angegebenen Preise sind Endpreise zzgl. Liefer-\/Versandkosten.<\/p>\n<p>Aufgrund des Kleinunternehmerstatus gem. \u00a7 19 UStG erheben wir keine Umsatzsteuer und weisen diese daher auch nicht aus.&#8220;<\/p>\n<p>&nbsp;<\/p>\n<p>&nbsp;<\/p>\n<p>&nbsp;<\/p>\n","protected":false},"featured_media":2762,"template":"","meta":[],"product_brand":[],"product_cat":[39,57,34,41],"product_tag":[61,80,66,87],"class_list":{"0":"post-2750","1":"product","2":"type-product","3":"status-publish","4":"has-post-thumbnail","6":"product_cat-gothic-halloween","7":"product_cat-neu","8":"product_cat-sticker-sets","9":"product_cat-sticker-sets-selbstklebend","10":"product_tag-aufkleber","11":"product_tag-gothic","12":"product_tag-sticker","13":"product_tag-vampire","15":"first","16":"instock","17":"shipping-taxable","18":"purchasable","19":"product-type-variable"},"_links":{"self":[{"href":"https:\/\/coole-sticker.de\/index.php?rest_route=\/wp\/v2\/product\/2750","targetHints":{"allow":["GET"]}}],"collection":[{"href":"https:\/\/coole-sticker.de\/index.php?rest_route=\/wp\/v2\/product"}],"about":[{"href":"https:\/\/coole-sticker.de\/index.php?rest_route=\/wp\/v2\/types\/product"}],"wp:featuredmedia":[{"embeddable":true,"href":"https:\/\/coole-sticker.de\/index.php?rest_route=\/wp\/v2\/media\/2762"}],"wp:attachment":[{"href":"https:\/\/coole-sticker.de\/index.php?rest_route=%2Fwp%2Fv2%2Fmedia&parent=2750"}],"wp:term":[{"taxonomy":"product_brand","embeddable":true,"href":"https:\/\/coole-sticker.de\/index.php?rest_route=%2Fwp%2Fv2%2Fproduct_brand&post=2750"},{"taxonomy":"product_cat","embeddable":true,"href":"https:\/\/coole-sticker.de\/index.php?rest_route=%2Fwp%2Fv2%2Fproduct_cat&post=2750"},{"taxonomy":"product_tag","embeddable":true,"href":"https:\/\/coole-sticker.de\/index.php?rest_route=%2Fwp%2Fv2%2Fproduct_tag&post=2750"}],"curies":[{"name":"wp","href":"https:\/\/api.w.org\/{rel}","templated":true}]}}