{"id":2677,"date":"2026-03-28T21:56:35","date_gmt":"2026-03-28T20:56:35","guid":{"rendered":"https:\/\/coole-sticker.de\/?post_type=product&#038;p=2677"},"modified":"2026-03-28T22:10:13","modified_gmt":"2026-03-28T21:10:13","slug":"sticker-kroete","status":"publish","type":"product","link":"https:\/\/coole-sticker.de\/?product=sticker-kroete","title":{"rendered":"Sticker &#8211; Kr\u00f6te"},"content":{"rendered":"<p>Sticker &#8211; Kr\u00f6te<\/p>\n<p>Diese Aufkleber ist 8cm hoch. Andere Gr\u00f6\u00dfen auf Nachfrage<\/p>\n<p>W\u00e4hlen Sie aus verschiedenen Hintergr\u00fcnden (Schwarz, Wei\u00df) und aus den Oberfl\u00e4chen Matt oder Gl\u00e4nzend.<\/p>\n<p>Die Aufkleber sind wasserfest und haften auf allen trockenen, staub -und fettfreien Untergr\u00fcnden.<\/p>\n","protected":false},"excerpt":{"rendered":"<p>Sticker &#8211; Kr\u00f6te<\/p>\n<p>Diese Aufkleber ist 8cm hoch.<\/p>\n<p>Alle angegebenen Preise sind Endpreise zzgl. Liefer-\/Versandkosten.<\/p>\n<p>Aufgrund des Kleinunternehmerstatus gem. \u00a7 19 UStG erheben wir keine Umsatzsteuer und weisen diese daher auch nicht aus.&#8220;<\/p>\n<p>&nbsp;<\/p>\n<p>&nbsp;<\/p>\n<p>&nbsp;<\/p>\n","protected":false},"featured_media":2684,"template":"","meta":[],"product_brand":[],"product_cat":[39,57,38],"product_tag":[61,80,85,84,66],"class_list":{"0":"post-2677","1":"product","2":"type-product","3":"status-publish","4":"has-post-thumbnail","6":"product_cat-gothic-halloween","7":"product_cat-neu","8":"product_cat-tiere","9":"product_tag-aufkleber","10":"product_tag-gothic","11":"product_tag-halloween","12":"product_tag-kokett","13":"product_tag-sticker","15":"first","16":"instock","17":"shipping-taxable","18":"purchasable","19":"product-type-variable"},"_links":{"self":[{"href":"https:\/\/coole-sticker.de\/index.php?rest_route=\/wp\/v2\/product\/2677","targetHints":{"allow":["GET"]}}],"collection":[{"href":"https:\/\/coole-sticker.de\/index.php?rest_route=\/wp\/v2\/product"}],"about":[{"href":"https:\/\/coole-sticker.de\/index.php?rest_route=\/wp\/v2\/types\/product"}],"wp:featuredmedia":[{"embeddable":true,"href":"https:\/\/coole-sticker.de\/index.php?rest_route=\/wp\/v2\/media\/2684"}],"wp:attachment":[{"href":"https:\/\/coole-sticker.de\/index.php?rest_route=%2Fwp%2Fv2%2Fmedia&parent=2677"}],"wp:term":[{"taxonomy":"product_brand","embeddable":true,"href":"https:\/\/coole-sticker.de\/index.php?rest_route=%2Fwp%2Fv2%2Fproduct_brand&post=2677"},{"taxonomy":"product_cat","embeddable":true,"href":"https:\/\/coole-sticker.de\/index.php?rest_route=%2Fwp%2Fv2%2Fproduct_cat&post=2677"},{"taxonomy":"product_tag","embeddable":true,"href":"https:\/\/coole-sticker.de\/index.php?rest_route=%2Fwp%2Fv2%2Fproduct_tag&post=2677"}],"curies":[{"name":"wp","href":"https:\/\/api.w.org\/{rel}","templated":true}]}}