{"id":2538,"date":"2026-03-28T14:55:40","date_gmt":"2026-03-28T13:55:40","guid":{"rendered":"https:\/\/coole-sticker.de\/?post_type=product&#038;p=2538"},"modified":"2026-03-28T21:35:20","modified_gmt":"2026-03-28T20:35:20","slug":"sticker-set-gothic-kokett-7-stueck","status":"publish","type":"product","link":"https:\/\/coole-sticker.de\/?product=sticker-set-gothic-kokett-7-stueck","title":{"rendered":"Sticker-Set &#8211; Gothic kokett &#8211; 7 St\u00fcck"},"content":{"rendered":"<p>Sticker-Set &#8211; Gothic kokett &#8211; 7 St\u00fcck<\/p>\n<p>Dieses Aufkleber Set besteht aus 7 Stickern, zwischen 4cm und 7cm.<\/p>\n<p>W\u00e4hlen Sie aus verschiedenen Hintergr\u00fcnden (Schwarz, Grau, Wei\u00df) und aus den Oberfl\u00e4chen Matt oder Gl\u00e4nzend.<\/p>\n<p>Die Aufkleber sind wasserfest und haften auf allen trockenen, staub -und fettfreien Untergr\u00fcnden.<\/p>\n","protected":false},"excerpt":{"rendered":"<p>Sticker-Set &#8211; Gothic kokett &#8211; 7 St\u00fcck<\/p>\n<p>3 Hintergrunde: schwarz, wei\u00df, grau<\/p>\n<p><img fetchpriority=\"high\" decoding=\"async\" class=\"alignnone size-medium wp-image-2503\" src=\"https:\/\/coole-sticker.de\/wp-content\/uploads\/2026\/03\/farb-set-300x300.png\" alt=\"\" width=\"300\" height=\"300\" srcset=\"https:\/\/coole-sticker.de\/wp-content\/uploads\/2026\/03\/farb-set-300x300.png 300w, https:\/\/coole-sticker.de\/wp-content\/uploads\/2026\/03\/farb-set-150x150.png 150w, https:\/\/coole-sticker.de\/wp-content\/uploads\/2026\/03\/farb-set-400x400.png 400w, https:\/\/coole-sticker.de\/wp-content\/uploads\/2026\/03\/farb-set-575x575.png 575w, https:\/\/coole-sticker.de\/wp-content\/uploads\/2026\/03\/farb-set-380x380.png 380w, https:\/\/coole-sticker.de\/wp-content\/uploads\/2026\/03\/farb-set-420x420.png 420w, https:\/\/coole-sticker.de\/wp-content\/uploads\/2026\/03\/farb-set-100x100.png 100w, https:\/\/coole-sticker.de\/wp-content\/uploads\/2026\/03\/farb-set.png 750w\" sizes=\"(max-width: 300px) 100vw, 300px\" \/><\/p>\n<p>Alle angegebenen Preise sind Endpreise, zzgl. Liefer-\/Versandkosten.<\/p>\n<p>Aufgrund des Kleinunternehmerstatus gem. \u00a7 19 UStG erheben wir keine Umsatzsteuer und weisen diese daher auch nicht aus.<\/p>\n<p>&nbsp;<\/p>\n","protected":false},"featured_media":2549,"template":"","meta":[],"product_brand":[],"product_cat":[39,57,34,41],"product_tag":[61,80,84,66],"class_list":{"0":"post-2538","1":"product","2":"type-product","3":"status-publish","4":"has-post-thumbnail","6":"product_cat-gothic-halloween","7":"product_cat-neu","8":"product_cat-sticker-sets","9":"product_cat-sticker-sets-selbstklebend","10":"product_tag-aufkleber","11":"product_tag-gothic","12":"product_tag-kokett","13":"product_tag-sticker","15":"first","16":"instock","17":"shipping-taxable","18":"purchasable","19":"product-type-variable"},"_links":{"self":[{"href":"https:\/\/coole-sticker.de\/index.php?rest_route=\/wp\/v2\/product\/2538","targetHints":{"allow":["GET"]}}],"collection":[{"href":"https:\/\/coole-sticker.de\/index.php?rest_route=\/wp\/v2\/product"}],"about":[{"href":"https:\/\/coole-sticker.de\/index.php?rest_route=\/wp\/v2\/types\/product"}],"wp:featuredmedia":[{"embeddable":true,"href":"https:\/\/coole-sticker.de\/index.php?rest_route=\/wp\/v2\/media\/2549"}],"wp:attachment":[{"href":"https:\/\/coole-sticker.de\/index.php?rest_route=%2Fwp%2Fv2%2Fmedia&parent=2538"}],"wp:term":[{"taxonomy":"product_brand","embeddable":true,"href":"https:\/\/coole-sticker.de\/index.php?rest_route=%2Fwp%2Fv2%2Fproduct_brand&post=2538"},{"taxonomy":"product_cat","embeddable":true,"href":"https:\/\/coole-sticker.de\/index.php?rest_route=%2Fwp%2Fv2%2Fproduct_cat&post=2538"},{"taxonomy":"product_tag","embeddable":true,"href":"https:\/\/coole-sticker.de\/index.php?rest_route=%2Fwp%2Fv2%2Fproduct_tag&post=2538"}],"curies":[{"name":"wp","href":"https:\/\/api.w.org\/{rel}","templated":true}]}}