{"id":825,"date":"2025-03-15T22:58:07","date_gmt":"2025-03-15T21:58:07","guid":{"rendered":"https:\/\/coole-sticker.de\/?page_id=825"},"modified":"2026-03-28T22:08:14","modified_gmt":"2026-03-28T21:08:14","slug":"sticker-sets-selbstklebend","status":"publish","type":"page","link":"https:\/\/coole-sticker.de\/?page_id=825","title":{"rendered":"Sticker-Sets &#8211; Selbstklebend"},"content":{"rendered":"\t\t<div data-elementor-type=\"wp-page\" data-elementor-id=\"825\" class=\"elementor elementor-825\">\n\t\t\t\t<div class=\"elementor-element elementor-element-bba49a4 e-flex e-con-boxed e-con e-parent\" data-id=\"bba49a4\" data-element_type=\"container\" data-e-type=\"container\">\n\t\t\t\t\t<div class=\"e-con-inner\">\n\t\t\t\t<div class=\"elementor-element elementor-element-c0b41ad elementor-widget elementor-widget-shop-classic\" data-id=\"c0b41ad\" data-element_type=\"widget\" data-e-type=\"widget\" data-widget_type=\"shop-classic.default\">\n\t\t\t\t<div class=\"elementor-widget-container\">\n\t\t\t\t\t\n\t\t<div class=\"wl-shop wl-shop-classic\" data-settings=\"a:0:{}\">\n\t\t\n<div class=\"wl-sc-product-style wl-shop-wrapper\">\n\t\t<div class=\"cx-container\">\n\t\t<div class=\"cx-grid\">\n\t\t\n\t\t\t\t<div class=\"wl-sc-single-product product wl-sc-left\">\n\t\t\t\t\t\n\t\t\t\t\t<div class=\"wl-sc-single-widget\">\n\t\t\t\t\t\t\t\t\t\t\t\t\t<div class=\"wl-sc-product-img\">\n\n\t\t\t\t\t\t\t\t\t\t\t\t\t\t\t\t\t<a href=\"https:\/\/coole-sticker.de\/?product=sticker-set-ghost-rosa-7-stueck\">\n\t\t\t\t\t\t\t\t\t\t<img decoding=\"async\" src=\"https:\/\/coole-sticker.de\/wp-content\/uploads\/2026\/03\/gothic-Sticker-set-ghost-rosa-400x400.png\" alt=\"Sticker-Set - Ghost Rosa - 7 St\u00fcck\"\/>                              \n\t\t\t\t\t\t\t\t\t<\/a>\n\t\t\t\t\t\t\t\t\n\t\t\t\t\t\t\t<\/div>\n\t\t\t\t\t\t\t\t\t\t\t\t\t\t\t\t\t\t\t<div class=\"wl-sc-product-details\">\n\t\t\t\t\t\t\t<div class=\"wl-sc-product-info\">\n\t\t\t\t\t\t\t\t\t\t\t\t\t\t\t\t<div class=\"wl-sc-product-name\"><a class=\"wl-gradient-heading\" href=\"https:\/\/coole-sticker.de\/?product=sticker-set-ghost-rosa-7-stueck\">Sticker-Set - Ghost Rosa - 7 St\u00fcck<\/a><\/div>\n\t\t\t\t\t\t\t\t\n\t\t\t\t\t\t\t\t<h2 class=\"wl-sc-price price\"><span class=\"woocommerce-Price-amount amount\">5,99&nbsp;<span class=\"woocommerce-Price-currencySymbol\">&euro;<\/span><\/span><\/h2>\n\t\t\t\t\t\t\t<\/div>\n\t\t\t\t\t\t\t\n\t\t\t\t\t\t\t<div class=\"wl-sc-info-icons\">\n\t\t\t\t\t\t\t\t\t\t\t\t\t\t\t\t\t\t\t\t\t\t\t\t\t\t\t<div class=\"wl-cart-area\">\n\t\t\t\t\t\t\t\t\t\t\t<a href=\"https:\/\/coole-sticker.de\/?product=sticker-set-ghost-rosa-7-stueck\" data-quantity=\"1\" class=\"wl-sc-product-cart button product_type_variable\" data-product_id=\"2505\"><i class=\"fas fa-shopping-cart\"><\/i><\/a>\n\t\t\t\t\t\t\t\t\t\t<\/div>\n\t\t\t\t\t\t\t\t\t\t\t\t\t\t\t\t\t<\/div>\n\t\t\t\t\t\t<\/div>\n\t\t\t\t\t<\/div>\n\n\t\t\t\t\t\t\t\t\t<\/div>\n\n\t\t\t\t\n\t\t\t\t<div class=\"wl-sc-single-product product wl-sc-left\">\n\t\t\t\t\t\n\t\t\t\t\t<div class=\"wl-sc-single-widget\">\n\t\t\t\t\t\t\t\t\t\t\t\t\t<div class=\"wl-sc-product-img\">\n\n\t\t\t\t\t\t\t\t\t\t\t\t\t\t\t\t\t<a href=\"https:\/\/coole-sticker.de\/?product=sticker-set-ghost-gothic-7-stueck\">\n\t\t\t\t\t\t\t\t\t\t<img decoding=\"async\" src=\"https:\/\/coole-sticker.de\/wp-content\/uploads\/2026\/03\/gothic-Sticker-set-ghost-400x400.png\" alt=\"Sticker-Set - Ghost Gothic - 7 St\u00fcck\"\/>                              \n\t\t\t\t\t\t\t\t\t<\/a>\n\t\t\t\t\t\t\t\t\n\t\t\t\t\t\t\t<\/div>\n\t\t\t\t\t\t\t\t\t\t\t\t\t\t\t\t\t\t\t<div class=\"wl-sc-product-details\">\n\t\t\t\t\t\t\t<div class=\"wl-sc-product-info\">\n\t\t\t\t\t\t\t\t\t\t\t\t\t\t\t\t<div class=\"wl-sc-product-name\"><a class=\"wl-gradient-heading\" href=\"https:\/\/coole-sticker.de\/?product=sticker-set-ghost-gothic-7-stueck\">Sticker-Set - Ghost Gothic - 7 St\u00fcck<\/a><\/div>\n\t\t\t\t\t\t\t\t\n\t\t\t\t\t\t\t\t<h2 class=\"wl-sc-price price\"><span class=\"woocommerce-Price-amount amount\">5,99&nbsp;<span class=\"woocommerce-Price-currencySymbol\">&euro;<\/span><\/span><\/h2>\n\t\t\t\t\t\t\t<\/div>\n\t\t\t\t\t\t\t\n\t\t\t\t\t\t\t<div class=\"wl-sc-info-icons\">\n\t\t\t\t\t\t\t\t\t\t\t\t\t\t\t\t\t\t\t\t\t\t\t\t\t\t\t<div class=\"wl-cart-area\">\n\t\t\t\t\t\t\t\t\t\t\t<a href=\"https:\/\/coole-sticker.de\/?product=sticker-set-ghost-gothic-7-stueck\" data-quantity=\"1\" class=\"wl-sc-product-cart button product_type_variable\" data-product_id=\"2522\"><i class=\"fas fa-shopping-cart\"><\/i><\/a>\n\t\t\t\t\t\t\t\t\t\t<\/div>\n\t\t\t\t\t\t\t\t\t\t\t\t\t\t\t\t\t<\/div>\n\t\t\t\t\t\t<\/div>\n\t\t\t\t\t<\/div>\n\n\t\t\t\t\t\t\t\t\t<\/div>\n\n\t\t\t\t\n\t\t\t\t<div class=\"wl-sc-single-product product wl-sc-left\">\n\t\t\t\t\t\n\t\t\t\t\t<div class=\"wl-sc-single-widget\">\n\t\t\t\t\t\t\t\t\t\t\t\t\t<div class=\"wl-sc-product-img\">\n\n\t\t\t\t\t\t\t\t\t\t\t\t\t\t\t\t\t<a href=\"https:\/\/coole-sticker.de\/?product=sticker-set-gothic-kokett-7-stueck\">\n\t\t\t\t\t\t\t\t\t\t<img decoding=\"async\" src=\"https:\/\/coole-sticker.de\/wp-content\/uploads\/2026\/03\/gothic-Sticker-set-kokett-400x400.png\" alt=\"Sticker-Set - Gothic kokett - 7 St\u00fcck\"\/>                              \n\t\t\t\t\t\t\t\t\t<\/a>\n\t\t\t\t\t\t\t\t\n\t\t\t\t\t\t\t<\/div>\n\t\t\t\t\t\t\t\t\t\t\t\t\t\t\t\t\t\t\t<div class=\"wl-sc-product-details\">\n\t\t\t\t\t\t\t<div class=\"wl-sc-product-info\">\n\t\t\t\t\t\t\t\t\t\t\t\t\t\t\t\t<div class=\"wl-sc-product-name\"><a class=\"wl-gradient-heading\" href=\"https:\/\/coole-sticker.de\/?product=sticker-set-gothic-kokett-7-stueck\">Sticker-Set - Gothic kokett - 7 St\u00fcck<\/a><\/div>\n\t\t\t\t\t\t\t\t\n\t\t\t\t\t\t\t\t<h2 class=\"wl-sc-price price\"><span class=\"woocommerce-Price-amount amount\">5,99&nbsp;<span class=\"woocommerce-Price-currencySymbol\">&euro;<\/span><\/span><\/h2>\n\t\t\t\t\t\t\t<\/div>\n\t\t\t\t\t\t\t\n\t\t\t\t\t\t\t<div class=\"wl-sc-info-icons\">\n\t\t\t\t\t\t\t\t\t\t\t\t\t\t\t\t\t\t\t\t\t\t\t\t\t\t\t<div class=\"wl-cart-area\">\n\t\t\t\t\t\t\t\t\t\t\t<a href=\"https:\/\/coole-sticker.de\/?product=sticker-set-gothic-kokett-7-stueck\" data-quantity=\"1\" class=\"wl-sc-product-cart button product_type_variable\" data-product_id=\"2538\"><i class=\"fas fa-shopping-cart\"><\/i><\/a>\n\t\t\t\t\t\t\t\t\t\t<\/div>\n\t\t\t\t\t\t\t\t\t\t\t\t\t\t\t\t\t<\/div>\n\t\t\t\t\t\t<\/div>\n\t\t\t\t\t<\/div>\n\n\t\t\t\t\t\t\t\t\t<\/div>\n\n\t\t\t\t\n\t\t\t\t<div class=\"wl-sc-single-product product wl-sc-left\">\n\t\t\t\t\t\n\t\t\t\t\t<div class=\"wl-sc-single-widget\">\n\t\t\t\t\t\t\t\t\t\t\t\t\t<div class=\"wl-sc-product-img\">\n\n\t\t\t\t\t\t\t\t\t\t\t\t\t\t\t\t\t<a href=\"https:\/\/coole-sticker.de\/?product=sticker-set-gothic-viktorianisch-7-stueck\">\n\t\t\t\t\t\t\t\t\t\t<img decoding=\"async\" src=\"https:\/\/coole-sticker.de\/wp-content\/uploads\/2026\/03\/gothic-Sticker-set-viktorianisch-400x400.png\" alt=\"Sticker-Set - Gothic Viktorianisch - 7 St\u00fcck\"\/>                              \n\t\t\t\t\t\t\t\t\t<\/a>\n\t\t\t\t\t\t\t\t\n\t\t\t\t\t\t\t<\/div>\n\t\t\t\t\t\t\t\t\t\t\t\t\t\t\t\t\t\t\t<div class=\"wl-sc-product-details\">\n\t\t\t\t\t\t\t<div class=\"wl-sc-product-info\">\n\t\t\t\t\t\t\t\t\t\t\t\t\t\t\t\t<div class=\"wl-sc-product-name\"><a class=\"wl-gradient-heading\" href=\"https:\/\/coole-sticker.de\/?product=sticker-set-gothic-viktorianisch-7-stueck\">Sticker-Set - Gothic Viktorianisch - 7 St\u00fcck<\/a><\/div>\n\t\t\t\t\t\t\t\t\n\t\t\t\t\t\t\t\t<h2 class=\"wl-sc-price price\"><span class=\"woocommerce-Price-amount amount\">5,99&nbsp;<span class=\"woocommerce-Price-currencySymbol\">&euro;<\/span><\/span><\/h2>\n\t\t\t\t\t\t\t<\/div>\n\t\t\t\t\t\t\t\n\t\t\t\t\t\t\t<div class=\"wl-sc-info-icons\">\n\t\t\t\t\t\t\t\t\t\t\t\t\t\t\t\t\t\t\t\t\t\t\t\t\t\t\t<div class=\"wl-cart-area\">\n\t\t\t\t\t\t\t\t\t\t\t<a href=\"https:\/\/coole-sticker.de\/?product=sticker-set-gothic-viktorianisch-7-stueck\" data-quantity=\"1\" class=\"wl-sc-product-cart button product_type_variable\" data-product_id=\"2553\"><i class=\"fas fa-shopping-cart\"><\/i><\/a>\n\t\t\t\t\t\t\t\t\t\t<\/div>\n\t\t\t\t\t\t\t\t\t\t\t\t\t\t\t\t\t<\/div>\n\t\t\t\t\t\t<\/div>\n\t\t\t\t\t<\/div>\n\n\t\t\t\t\t\t\t\t\t<\/div>\n\n\t\t\t\t\n\t\t\t\t<div class=\"wl-sc-single-product product wl-sc-left\">\n\t\t\t\t\t\n\t\t\t\t\t<div class=\"wl-sc-single-widget\">\n\t\t\t\t\t\t\t\t\t\t\t\t\t<div class=\"wl-sc-product-img\">\n\n\t\t\t\t\t\t\t\t\t\t\t\t\t\t\t\t\t<a href=\"https:\/\/coole-sticker.de\/?product=sticker-set-gothic-halloween-7-stueck\">\n\t\t\t\t\t\t\t\t\t\t<img decoding=\"async\" src=\"https:\/\/coole-sticker.de\/wp-content\/uploads\/2026\/03\/sticker-set-halloween-400x400.png\" alt=\"Sticker-Set - Gothic Halloween - 7 St\u00fcck\"\/>                              \n\t\t\t\t\t\t\t\t\t<\/a>\n\t\t\t\t\t\t\t\t\n\t\t\t\t\t\t\t<\/div>\n\t\t\t\t\t\t\t\t\t\t\t\t\t\t\t\t\t\t\t<div class=\"wl-sc-product-details\">\n\t\t\t\t\t\t\t<div class=\"wl-sc-product-info\">\n\t\t\t\t\t\t\t\t\t\t\t\t\t\t\t\t<div class=\"wl-sc-product-name\"><a class=\"wl-gradient-heading\" href=\"https:\/\/coole-sticker.de\/?product=sticker-set-gothic-halloween-7-stueck\">Sticker-Set - Gothic Halloween - 7 St\u00fcck<\/a><\/div>\n\t\t\t\t\t\t\t\t\n\t\t\t\t\t\t\t\t<h2 class=\"wl-sc-price price\"><span class=\"woocommerce-Price-amount amount\">5,99&nbsp;<span class=\"woocommerce-Price-currencySymbol\">&euro;<\/span><\/span><\/h2>\n\t\t\t\t\t\t\t<\/div>\n\t\t\t\t\t\t\t\n\t\t\t\t\t\t\t<div class=\"wl-sc-info-icons\">\n\t\t\t\t\t\t\t\t\t\t\t\t\t\t\t\t\t\t\t\t\t\t\t\t\t\t\t<div class=\"wl-cart-area\">\n\t\t\t\t\t\t\t\t\t\t\t<a href=\"https:\/\/coole-sticker.de\/?product=sticker-set-gothic-halloween-7-stueck\" data-quantity=\"1\" class=\"wl-sc-product-cart button product_type_variable\" data-product_id=\"2625\"><i class=\"fas fa-shopping-cart\"><\/i><\/a>\n\t\t\t\t\t\t\t\t\t\t<\/div>\n\t\t\t\t\t\t\t\t\t\t\t\t\t\t\t\t\t<\/div>\n\t\t\t\t\t\t<\/div>\n\t\t\t\t\t<\/div>\n\n\t\t\t\t\t\t\t\t\t<\/div>\n\n\t\t\t\t\n\t\t\t\t<div class=\"wl-sc-single-product product wl-sc-left\">\n\t\t\t\t\t\n\t\t\t\t\t<div class=\"wl-sc-single-widget\">\n\t\t\t\t\t\t\t\t\t\t\t\t\t<div class=\"wl-sc-product-img\">\n\n\t\t\t\t\t\t\t\t\t\t\t\t\t\t\t\t\t<a href=\"https:\/\/coole-sticker.de\/?product=sticker-set-halloween-rosa-schwarz-7-stueck\">\n\t\t\t\t\t\t\t\t\t\t<img decoding=\"async\" src=\"https:\/\/coole-sticker.de\/wp-content\/uploads\/2026\/03\/sticker-set-halloween-rosa-schwarz-SET-1-400x400.png\" alt=\"Sticker-Set - Halloween - Rosa- Schwarz - 7 St\u00fcck\"\/>                              \n\t\t\t\t\t\t\t\t\t<\/a>\n\t\t\t\t\t\t\t\t\n\t\t\t\t\t\t\t<\/div>\n\t\t\t\t\t\t\t\t\t\t\t\t\t\t\t\t\t\t\t<div class=\"wl-sc-product-details\">\n\t\t\t\t\t\t\t<div class=\"wl-sc-product-info\">\n\t\t\t\t\t\t\t\t\t\t\t\t\t\t\t\t<div class=\"wl-sc-product-name\"><a class=\"wl-gradient-heading\" href=\"https:\/\/coole-sticker.de\/?product=sticker-set-halloween-rosa-schwarz-7-stueck\">Sticker-Set - Halloween - Rosa- Schwarz - 7 St\u00fcck<\/a><\/div>\n\t\t\t\t\t\t\t\t\n\t\t\t\t\t\t\t\t<h2 class=\"wl-sc-price price\"><span class=\"woocommerce-Price-amount amount\">5,99&nbsp;<span class=\"woocommerce-Price-currencySymbol\">&euro;<\/span><\/span><\/h2>\n\t\t\t\t\t\t\t<\/div>\n\t\t\t\t\t\t\t\n\t\t\t\t\t\t\t<div class=\"wl-sc-info-icons\">\n\t\t\t\t\t\t\t\t\t\t\t\t\t\t\t\t\t\t\t\t\t\t\t\t\t\t\t<div class=\"wl-cart-area\">\n\t\t\t\t\t\t\t\t\t\t\t<a href=\"https:\/\/coole-sticker.de\/?product=sticker-set-halloween-rosa-schwarz-7-stueck\" data-quantity=\"1\" class=\"wl-sc-product-cart button product_type_variable\" data-product_id=\"2632\"><i class=\"fas fa-shopping-cart\"><\/i><\/a>\n\t\t\t\t\t\t\t\t\t\t<\/div>\n\t\t\t\t\t\t\t\t\t\t\t\t\t\t\t\t\t<\/div>\n\t\t\t\t\t\t<\/div>\n\t\t\t\t\t<\/div>\n\n\t\t\t\t\t\t\t\t\t<\/div>\n\n\t\t\t\t\n\t\t\t\t<div class=\"wl-sc-single-product product wl-sc-left\">\n\t\t\t\t\t\n\t\t\t\t\t<div class=\"wl-sc-single-widget\">\n\t\t\t\t\t\t\t\t\t\t\t\t\t<div class=\"wl-sc-product-img\">\n\n\t\t\t\t\t\t\t\t\t\t\t\t\t\t\t\t\t<a href=\"https:\/\/coole-sticker.de\/?product=sticker-set-halloween-rosa-schwarz-2-7-stueck\">\n\t\t\t\t\t\t\t\t\t\t<img decoding=\"async\" src=\"https:\/\/coole-sticker.de\/wp-content\/uploads\/2026\/03\/sticker-set-halloween-rosa-schwarz-400x400.png\" alt=\"Sticker-Set - Halloween - Rosa- Schwarz 2 - 7 St\u00fcck\"\/>                              \n\t\t\t\t\t\t\t\t\t<\/a>\n\t\t\t\t\t\t\t\t\n\t\t\t\t\t\t\t<\/div>\n\t\t\t\t\t\t\t\t\t\t\t\t\t\t\t\t\t\t\t<div class=\"wl-sc-product-details\">\n\t\t\t\t\t\t\t<div class=\"wl-sc-product-info\">\n\t\t\t\t\t\t\t\t\t\t\t\t\t\t\t\t<div class=\"wl-sc-product-name\"><a class=\"wl-gradient-heading\" href=\"https:\/\/coole-sticker.de\/?product=sticker-set-halloween-rosa-schwarz-2-7-stueck\">Sticker-Set - Halloween - Rosa- Schwarz 2 - 7 St\u00fcck<\/a><\/div>\n\t\t\t\t\t\t\t\t\n\t\t\t\t\t\t\t\t<h2 class=\"wl-sc-price price\"><span class=\"woocommerce-Price-amount amount\">5,99&nbsp;<span class=\"woocommerce-Price-currencySymbol\">&euro;<\/span><\/span><\/h2>\n\t\t\t\t\t\t\t<\/div>\n\t\t\t\t\t\t\t\n\t\t\t\t\t\t\t<div class=\"wl-sc-info-icons\">\n\t\t\t\t\t\t\t\t\t\t\t\t\t\t\t\t\t\t\t\t\t\t\t\t\t\t\t<div class=\"wl-cart-area\">\n\t\t\t\t\t\t\t\t\t\t\t<a href=\"https:\/\/coole-sticker.de\/?product=sticker-set-halloween-rosa-schwarz-2-7-stueck\" data-quantity=\"1\" class=\"wl-sc-product-cart button product_type_variable\" data-product_id=\"2647\"><i class=\"fas fa-shopping-cart\"><\/i><\/a>\n\t\t\t\t\t\t\t\t\t\t<\/div>\n\t\t\t\t\t\t\t\t\t\t\t\t\t\t\t\t\t<\/div>\n\t\t\t\t\t\t<\/div>\n\t\t\t\t\t<\/div>\n\n\t\t\t\t\t\t\t\t\t<\/div>\n\n\t\t\t\t\n\t\t\t\t<div class=\"wl-sc-single-product product wl-sc-left\">\n\t\t\t\t\t\n\t\t\t\t\t<div class=\"wl-sc-single-widget\">\n\t\t\t\t\t\t\t\t\t\t\t\t\t<div class=\"wl-sc-product-img\">\n\n\t\t\t\t\t\t\t\t\t\t\t\t\t\t\t\t\t<a href=\"https:\/\/coole-sticker.de\/?product=sticker-set-halloween-rosa-schwarz-3-7-stueck\">\n\t\t\t\t\t\t\t\t\t\t<img decoding=\"async\" src=\"https:\/\/coole-sticker.de\/wp-content\/uploads\/2026\/03\/sticker-set-halloween-rosa-schwarz-SET-2-400x400.png\" alt=\"Sticker-Set - Halloween - Rosa- Schwarz 3 - 7 St\u00fcck\"\/>                              \n\t\t\t\t\t\t\t\t\t<\/a>\n\t\t\t\t\t\t\t\t\n\t\t\t\t\t\t\t<\/div>\n\t\t\t\t\t\t\t\t\t\t\t\t\t\t\t\t\t\t\t<div class=\"wl-sc-product-details\">\n\t\t\t\t\t\t\t<div class=\"wl-sc-product-info\">\n\t\t\t\t\t\t\t\t\t\t\t\t\t\t\t\t<div class=\"wl-sc-product-name\"><a class=\"wl-gradient-heading\" href=\"https:\/\/coole-sticker.de\/?product=sticker-set-halloween-rosa-schwarz-3-7-stueck\">Sticker-Set - Halloween - Rosa- Schwarz 3 - 7 St\u00fcck<\/a><\/div>\n\t\t\t\t\t\t\t\t\n\t\t\t\t\t\t\t\t<h2 class=\"wl-sc-price price\"><span class=\"woocommerce-Price-amount amount\">5,99&nbsp;<span class=\"woocommerce-Price-currencySymbol\">&euro;<\/span><\/span><\/h2>\n\t\t\t\t\t\t\t<\/div>\n\t\t\t\t\t\t\t\n\t\t\t\t\t\t\t<div class=\"wl-sc-info-icons\">\n\t\t\t\t\t\t\t\t\t\t\t\t\t\t\t\t\t\t\t\t\t\t\t\t\t\t\t<div class=\"wl-cart-area\">\n\t\t\t\t\t\t\t\t\t\t\t<a href=\"https:\/\/coole-sticker.de\/?product=sticker-set-halloween-rosa-schwarz-3-7-stueck\" data-quantity=\"1\" class=\"wl-sc-product-cart button product_type_variable\" data-product_id=\"2662\"><i class=\"fas fa-shopping-cart\"><\/i><\/a>\n\t\t\t\t\t\t\t\t\t\t<\/div>\n\t\t\t\t\t\t\t\t\t\t\t\t\t\t\t\t\t<\/div>\n\t\t\t\t\t\t<\/div>\n\t\t\t\t\t<\/div>\n\n\t\t\t\t\t\t\t\t\t<\/div>\n\n\t\t\t\t\n\t\t\t\t<div class=\"wl-sc-single-product product wl-sc-left\">\n\t\t\t\t\t\n\t\t\t\t\t<div class=\"wl-sc-single-widget\">\n\t\t\t\t\t\t\t\t\t\t\t\t\t<div class=\"wl-sc-product-img\">\n\n\t\t\t\t\t\t\t\t\t\t\t\t\t\t\t\t\t<a href=\"https:\/\/coole-sticker.de\/?product=sticker-set-einhorn-3-stueck\">\n\t\t\t\t\t\t\t\t\t\t<img decoding=\"async\" src=\"https:\/\/coole-sticker.de\/wp-content\/uploads\/2026\/03\/Einhoerner-400x400.png\" alt=\"Sticker-Set - Einhorn - 3 St\u00fcck\"\/>                              \n\t\t\t\t\t\t\t\t\t<\/a>\n\t\t\t\t\t\t\t\t\n\t\t\t\t\t\t\t<\/div>\n\t\t\t\t\t\t\t\t\t\t\t\t\t\t\t\t\t\t\t<div class=\"wl-sc-product-details\">\n\t\t\t\t\t\t\t<div class=\"wl-sc-product-info\">\n\t\t\t\t\t\t\t\t\t\t\t\t\t\t\t\t<div class=\"wl-sc-product-name\"><a class=\"wl-gradient-heading\" href=\"https:\/\/coole-sticker.de\/?product=sticker-set-einhorn-3-stueck\">Sticker-Set - Einhorn - 3 St\u00fcck<\/a><\/div>\n\t\t\t\t\t\t\t\t\n\t\t\t\t\t\t\t\t<h2 class=\"wl-sc-price price\"><span class=\"woocommerce-Price-amount amount\">5,99&nbsp;<span class=\"woocommerce-Price-currencySymbol\">&euro;<\/span><\/span><\/h2>\n\t\t\t\t\t\t\t<\/div>\n\t\t\t\t\t\t\t\n\t\t\t\t\t\t\t<div class=\"wl-sc-info-icons\">\n\t\t\t\t\t\t\t\t\t\t\t\t\t\t\t\t\t\t\t\t\t\t\t\t\t\t\t<div class=\"wl-cart-area\">\n\t\t\t\t\t\t\t\t\t\t\t<a href=\"https:\/\/coole-sticker.de\/?product=sticker-set-einhorn-3-stueck\" data-quantity=\"1\" class=\"wl-sc-product-cart button product_type_variable\" data-product_id=\"2728\"><i class=\"fas fa-shopping-cart\"><\/i><\/a>\n\t\t\t\t\t\t\t\t\t\t<\/div>\n\t\t\t\t\t\t\t\t\t\t\t\t\t\t\t\t\t<\/div>\n\t\t\t\t\t\t<\/div>\n\t\t\t\t\t<\/div>\n\n\t\t\t\t\t\t\t\t\t<\/div>\n\n\t\t\t\t\n\t\t\t\t<div class=\"wl-sc-single-product product wl-sc-left\">\n\t\t\t\t\t\n\t\t\t\t\t<div class=\"wl-sc-single-widget\">\n\t\t\t\t\t\t\t\t\t\t\t\t\t<div class=\"wl-sc-product-img\">\n\n\t\t\t\t\t\t\t\t\t\t\t\t\t\t\t\t\t<a href=\"https:\/\/coole-sticker.de\/?product=sticker-set-vampire-7-stueck\">\n\t\t\t\t\t\t\t\t\t\t<img decoding=\"async\" src=\"https:\/\/coole-sticker.de\/wp-content\/uploads\/2026\/03\/sticker-set-Vampir-Set1-400x400.png\" alt=\"Sticker-Set - Vampire 7 St\u00fcck\"\/>                              \n\t\t\t\t\t\t\t\t\t<\/a>\n\t\t\t\t\t\t\t\t\n\t\t\t\t\t\t\t<\/div>\n\t\t\t\t\t\t\t\t\t\t\t\t\t\t\t\t\t\t\t<div class=\"wl-sc-product-details\">\n\t\t\t\t\t\t\t<div class=\"wl-sc-product-info\">\n\t\t\t\t\t\t\t\t\t\t\t\t\t\t\t\t<div class=\"wl-sc-product-name\"><a class=\"wl-gradient-heading\" href=\"https:\/\/coole-sticker.de\/?product=sticker-set-vampire-7-stueck\">Sticker-Set - Vampire 7 St\u00fcck<\/a><\/div>\n\t\t\t\t\t\t\t\t\n\t\t\t\t\t\t\t\t<h2 class=\"wl-sc-price price\"><span class=\"woocommerce-Price-amount amount\">5,99&nbsp;<span class=\"woocommerce-Price-currencySymbol\">&euro;<\/span><\/span><\/h2>\n\t\t\t\t\t\t\t<\/div>\n\t\t\t\t\t\t\t\n\t\t\t\t\t\t\t<div class=\"wl-sc-info-icons\">\n\t\t\t\t\t\t\t\t\t\t\t\t\t\t\t\t\t\t\t\t\t\t\t\t\t\t\t<div class=\"wl-cart-area\">\n\t\t\t\t\t\t\t\t\t\t\t<a href=\"https:\/\/coole-sticker.de\/?product=sticker-set-vampire-7-stueck\" data-quantity=\"1\" class=\"wl-sc-product-cart button product_type_variable\" data-product_id=\"2735\"><i class=\"fas fa-shopping-cart\"><\/i><\/a>\n\t\t\t\t\t\t\t\t\t\t<\/div>\n\t\t\t\t\t\t\t\t\t\t\t\t\t\t\t\t\t<\/div>\n\t\t\t\t\t\t<\/div>\n\t\t\t\t\t<\/div>\n\n\t\t\t\t\t\t\t\t\t<\/div>\n\n\t\t\t\t\n\t\t\t\t<div class=\"wl-sc-single-product product wl-sc-left\">\n\t\t\t\t\t\n\t\t\t\t\t<div class=\"wl-sc-single-widget\">\n\t\t\t\t\t\t\t\t\t\t\t\t\t<div class=\"wl-sc-product-img\">\n\n\t\t\t\t\t\t\t\t\t\t\t\t\t\t\t\t\t<a href=\"https:\/\/coole-sticker.de\/?product=sticker-set-vampire-2-7-stueck\">\n\t\t\t\t\t\t\t\t\t\t<img decoding=\"async\" src=\"https:\/\/coole-sticker.de\/wp-content\/uploads\/2026\/03\/sticker-set-Vampir-400x400.png\" alt=\"Sticker-Set - Vampire 2 - 7 St\u00fcck\"\/>                              \n\t\t\t\t\t\t\t\t\t<\/a>\n\t\t\t\t\t\t\t\t\n\t\t\t\t\t\t\t<\/div>\n\t\t\t\t\t\t\t\t\t\t\t\t\t\t\t\t\t\t\t<div class=\"wl-sc-product-details\">\n\t\t\t\t\t\t\t<div class=\"wl-sc-product-info\">\n\t\t\t\t\t\t\t\t\t\t\t\t\t\t\t\t<div class=\"wl-sc-product-name\"><a class=\"wl-gradient-heading\" href=\"https:\/\/coole-sticker.de\/?product=sticker-set-vampire-2-7-stueck\">Sticker-Set - Vampire 2 - 7 St\u00fcck<\/a><\/div>\n\t\t\t\t\t\t\t\t\n\t\t\t\t\t\t\t\t<h2 class=\"wl-sc-price price\"><span class=\"woocommerce-Price-amount amount\">5,99&nbsp;<span class=\"woocommerce-Price-currencySymbol\">&euro;<\/span><\/span><\/h2>\n\t\t\t\t\t\t\t<\/div>\n\t\t\t\t\t\t\t\n\t\t\t\t\t\t\t<div class=\"wl-sc-info-icons\">\n\t\t\t\t\t\t\t\t\t\t\t\t\t\t\t\t\t\t\t\t\t\t\t\t\t\t\t<div class=\"wl-cart-area\">\n\t\t\t\t\t\t\t\t\t\t\t<a href=\"https:\/\/coole-sticker.de\/?product=sticker-set-vampire-2-7-stueck\" data-quantity=\"1\" class=\"wl-sc-product-cart button product_type_variable\" data-product_id=\"2750\"><i class=\"fas fa-shopping-cart\"><\/i><\/a>\n\t\t\t\t\t\t\t\t\t\t<\/div>\n\t\t\t\t\t\t\t\t\t\t\t\t\t\t\t\t\t<\/div>\n\t\t\t\t\t\t<\/div>\n\t\t\t\t\t<\/div>\n\n\t\t\t\t\t\t\t\t\t<\/div>\n\n\t\t\t\t\n\t\t\t\t<div class=\"wl-sc-single-product product wl-sc-left\">\n\t\t\t\t\t\n\t\t\t\t\t<div class=\"wl-sc-single-widget\">\n\t\t\t\t\t\t\t\t\t\t\t\t\t<div class=\"wl-sc-product-img\">\n\n\t\t\t\t\t\t\t\t\t\t\t\t\t\t\t\t\t<a href=\"https:\/\/coole-sticker.de\/?product=sticker-set-retro-beach-7-stueck\">\n\t\t\t\t\t\t\t\t\t\t<img decoding=\"async\" src=\"https:\/\/coole-sticker.de\/wp-content\/uploads\/2026\/03\/sticker-set-RETRO-Beach-400x400.png\" alt=\"Sticker-Set - Retro Beach - 7 St\u00fcck\"\/>                              \n\t\t\t\t\t\t\t\t\t<\/a>\n\t\t\t\t\t\t\t\t\n\t\t\t\t\t\t\t<\/div>\n\t\t\t\t\t\t\t\t\t\t\t\t\t\t\t\t\t\t\t<div class=\"wl-sc-product-details\">\n\t\t\t\t\t\t\t<div class=\"wl-sc-product-info\">\n\t\t\t\t\t\t\t\t\t\t\t\t\t\t\t\t<div class=\"wl-sc-product-name\"><a class=\"wl-gradient-heading\" href=\"https:\/\/coole-sticker.de\/?product=sticker-set-retro-beach-7-stueck\">Sticker-Set - Retro Beach - 7 St\u00fcck<\/a><\/div>\n\t\t\t\t\t\t\t\t\n\t\t\t\t\t\t\t\t<h2 class=\"wl-sc-price price\"><span class=\"woocommerce-Price-amount amount\">5,99&nbsp;<span class=\"woocommerce-Price-currencySymbol\">&euro;<\/span><\/span><\/h2>\n\t\t\t\t\t\t\t<\/div>\n\t\t\t\t\t\t\t\n\t\t\t\t\t\t\t<div class=\"wl-sc-info-icons\">\n\t\t\t\t\t\t\t\t\t\t\t\t\t\t\t\t\t\t\t\t\t\t\t\t\t\t\t<div class=\"wl-cart-area\">\n\t\t\t\t\t\t\t\t\t\t\t<a href=\"https:\/\/coole-sticker.de\/?product=sticker-set-retro-beach-7-stueck\" data-quantity=\"1\" class=\"wl-sc-product-cart button product_type_variable\" data-product_id=\"2765\"><i class=\"fas fa-shopping-cart\"><\/i><\/a>\n\t\t\t\t\t\t\t\t\t\t<\/div>\n\t\t\t\t\t\t\t\t\t\t\t\t\t\t\t\t\t<\/div>\n\t\t\t\t\t\t<\/div>\n\t\t\t\t\t<\/div>\n\n\t\t\t\t\t\t\t\t\t<\/div>\n\n\t\t\t\t\n\t\t\t\t<div class=\"wl-sc-single-product product wl-sc-left\">\n\t\t\t\t\t\n\t\t\t\t\t<div class=\"wl-sc-single-widget\">\n\t\t\t\t\t\t\t\t\t\t\t\t\t<div class=\"wl-sc-product-img\">\n\n\t\t\t\t\t\t\t\t\t\t\t\t\t\t\t\t\t<a href=\"https:\/\/coole-sticker.de\/?product=sticker-set-retro-beach-2-7-stueck\">\n\t\t\t\t\t\t\t\t\t\t<img decoding=\"async\" src=\"https:\/\/coole-sticker.de\/wp-content\/uploads\/2026\/03\/sticker-set-RETRO-Beach-Set.1-400x400.png\" alt=\"Sticker-Set - Retro Beach 2 - 7 St\u00fcck\"\/>                              \n\t\t\t\t\t\t\t\t\t<\/a>\n\t\t\t\t\t\t\t\t\n\t\t\t\t\t\t\t<\/div>\n\t\t\t\t\t\t\t\t\t\t\t\t\t\t\t\t\t\t\t<div class=\"wl-sc-product-details\">\n\t\t\t\t\t\t\t<div class=\"wl-sc-product-info\">\n\t\t\t\t\t\t\t\t\t\t\t\t\t\t\t\t<div class=\"wl-sc-product-name\"><a class=\"wl-gradient-heading\" href=\"https:\/\/coole-sticker.de\/?product=sticker-set-retro-beach-2-7-stueck\">Sticker-Set - Retro Beach 2 - 7 St\u00fcck<\/a><\/div>\n\t\t\t\t\t\t\t\t\n\t\t\t\t\t\t\t\t<h2 class=\"wl-sc-price price\"><span class=\"woocommerce-Price-amount amount\">5,99&nbsp;<span class=\"woocommerce-Price-currencySymbol\">&euro;<\/span><\/span><\/h2>\n\t\t\t\t\t\t\t<\/div>\n\t\t\t\t\t\t\t\n\t\t\t\t\t\t\t<div class=\"wl-sc-info-icons\">\n\t\t\t\t\t\t\t\t\t\t\t\t\t\t\t\t\t\t\t\t\t\t\t\t\t\t\t<div class=\"wl-cart-area\">\n\t\t\t\t\t\t\t\t\t\t\t<a href=\"https:\/\/coole-sticker.de\/?product=sticker-set-retro-beach-2-7-stueck\" data-quantity=\"1\" class=\"wl-sc-product-cart button product_type_variable\" data-product_id=\"2811\"><i class=\"fas fa-shopping-cart\"><\/i><\/a>\n\t\t\t\t\t\t\t\t\t\t<\/div>\n\t\t\t\t\t\t\t\t\t\t\t\t\t\t\t\t\t<\/div>\n\t\t\t\t\t\t<\/div>\n\t\t\t\t\t<\/div>\n\n\t\t\t\t\t\t\t\t\t<\/div>\n\n\t\t\t\t\t\t<\/div>\n\t<\/div>\n\t<\/div>\n\n<div class='wl-sc-pagination '><\/div><script>\n\tjQuery(function($){\n\t\t$(\".wl-sc-product-image-zoom\").fancybox({\n\t\t\tarrows: true,\n\t\t\t'transitionIn'  :   'elastic',\n\t\t\t'transitionOut' :   'elastic',\n\t\t\t'speedIn'       :   600, \n\t\t\t'speedOut'      :   200, \n\t\t\t'overlayShow'   :   false\n\n\t\t}).attr('data-fancybox', 'gallery');\n\t})\n<\/script>\t\t<\/div>\n\n\t\t\t\t\t\t<\/div>\n\t\t\t\t<\/div>\n\t\t\t\t\t<\/div>\n\t\t\t\t<\/div>\n\t\t\t\t<\/div>\n\t\t","protected":false},"excerpt":{"rendered":"<p>Sticker-Set &#8211; Ghost Rosa &#8211; 7 St\u00fcck 5,99&nbsp;&euro; Sticker-Set &#8211; Ghost Gothic &#8211; 7 St\u00fcck 5,99&nbsp;&euro; Sticker-Set &#8211; Gothic kokett &#8211; 7 St\u00fcck 5,99&nbsp;&euro; Sticker-Set &#8211; Gothic Viktorianisch &#8211; 7 [&hellip;]<\/p>\n","protected":false},"author":1,"featured_media":0,"parent":0,"menu_order":0,"comment_status":"closed","ping_status":"closed","template":"","meta":{"footnotes":""},"class_list":["post-825","page","type-page","status-publish","hentry"],"_links":{"self":[{"href":"https:\/\/coole-sticker.de\/index.php?rest_route=\/wp\/v2\/pages\/825","targetHints":{"allow":["GET"]}}],"collection":[{"href":"https:\/\/coole-sticker.de\/index.php?rest_route=\/wp\/v2\/pages"}],"about":[{"href":"https:\/\/coole-sticker.de\/index.php?rest_route=\/wp\/v2\/types\/page"}],"author":[{"embeddable":true,"href":"https:\/\/coole-sticker.de\/index.php?rest_route=\/wp\/v2\/users\/1"}],"replies":[{"embeddable":true,"href":"https:\/\/coole-sticker.de\/index.php?rest_route=%2Fwp%2Fv2%2Fcomments&post=825"}],"version-history":[{"count":19,"href":"https:\/\/coole-sticker.de\/index.php?rest_route=\/wp\/v2\/pages\/825\/revisions"}],"predecessor-version":[{"id":2690,"href":"https:\/\/coole-sticker.de\/index.php?rest_route=\/wp\/v2\/pages\/825\/revisions\/2690"}],"wp:attachment":[{"href":"https:\/\/coole-sticker.de\/index.php?rest_route=%2Fwp%2Fv2%2Fmedia&parent=825"}],"curies":[{"name":"wp","href":"https:\/\/api.w.org\/{rel}","templated":true}]}}