{"id":19,"date":"2025-02-20T21:25:15","date_gmt":"2025-02-20T20:25:15","guid":{"rendered":"https:\/\/coole-sticker.de\/?page_id=19"},"modified":"2025-03-15T23:45:37","modified_gmt":"2025-03-15T22:45:37","slug":"sticker-sets","status":"publish","type":"page","link":"https:\/\/coole-sticker.de\/?page_id=19","title":{"rendered":"Sticker Sets"},"content":{"rendered":"\t\t<div data-elementor-type=\"wp-page\" data-elementor-id=\"19\" class=\"elementor elementor-19\">\n\t\t\t\t<div class=\"elementor-element elementor-element-a47f462 e-flex e-con-boxed e-con e-parent\" data-id=\"a47f462\" data-element_type=\"container\" data-e-type=\"container\">\n\t\t\t\t\t<div class=\"e-con-inner\">\n\t\t\t\t<div class=\"elementor-element elementor-element-b5beb69 elementor-widget elementor-widget-heading\" data-id=\"b5beb69\" data-element_type=\"widget\" data-e-type=\"widget\" data-widget_type=\"heading.default\">\n\t\t\t\t<div class=\"elementor-widget-container\">\n\t\t\t\t\t<h2 class=\"elementor-heading-title elementor-size-default\">Hier finden Sie komplette  Sticker Sets zu verschiedenen Themen. Au\u00dfer unseren selbstklebenden Aufklebern bieten wir auch Sets als Wasserschiebefolie (Abziehbilder) an.\n\n<\/h2>\t\t\t\t<\/div>\n\t\t\t\t<\/div>\n\t\t\t\t\t<\/div>\n\t\t\t\t<\/div>\n\t\t<div class=\"elementor-element elementor-element-49765db e-flex e-con-boxed e-con e-parent\" data-id=\"49765db\" data-element_type=\"container\" data-e-type=\"container\">\n\t\t\t\t\t<div class=\"e-con-inner\">\n\t\t\t\t<div class=\"elementor-element elementor-element-b82ba8b elementor-widget elementor-widget-text-editor\" data-id=\"b82ba8b\" data-element_type=\"widget\" data-e-type=\"widget\" data-widget_type=\"text-editor.default\">\n\t\t\t\t<div class=\"elementor-widget-container\">\n\t\t\t\t\t\t\t\t\t<p>Selbstklebende Aufkleber biten wir oft als matte und gl\u00e4nzende Variante. Beide sind wasser- und wetterbest\u00e4ndig. Sie haften auf allen glatten, trockenen und fettfreien Untergr\u00fcnden.<\/p><p>Wasseschiebefolie ist eine sehr d\u00fcnne Follie, die wie ein Abziehbild durch anfeuchten auf die gew\u00fcnschte Stelle angebracht wird. Durch \u00fcberziehen mit Klarlack kann das Motiv dauerhaft gesch\u00fctzt werden. Sie eignet sich sehr gut um M\u00f6bel zu dekorieren.<\/p>\t\t\t\t\t\t\t\t<\/div>\n\t\t\t\t<\/div>\n\t\t\t\t\t<\/div>\n\t\t\t\t<\/div>\n\t\t<div class=\"elementor-element elementor-element-99b303f e-flex e-con-boxed e-con e-parent\" data-id=\"99b303f\" data-element_type=\"container\" data-e-type=\"container\">\n\t\t\t\t\t<div class=\"e-con-inner\">\n\t\t\t\t<div class=\"elementor-element elementor-element-1c04fc0 elementor-widget elementor-widget-shop-standard\" data-id=\"1c04fc0\" data-element_type=\"widget\" data-e-type=\"widget\" data-widget_type=\"shop-standard.default\">\n\t\t\t\t<div class=\"elementor-widget-container\">\n\t\t\t\t\t\n\t\t<div class=\"wl-shop wl-shop-standard\" data-settings=\"a:0:{}\">\n\t\t\n<div class=\"wl-ss-product-style\">\n\t\t<div class=\"cx-container\">\n\t\t<div class=\"cx-grid\">\n\t\t\t\n\t\t\n\t\t\t\t<div class=\"wl-ss-single-product product wl-ss-left\">\n\t\t\t\t\t\t\t\t\t\t\t<div class=\"wl-ss-single-widget\">\n\n\t\t\t\t\t\t\t\t\t\t\t<div class=\"wl-ss-product-img\">\n\n\t\t\t\t\t\t\t\t\t\t\t\t\t\t\t<a href=\"https:\/\/coole-sticker.de\/?product=sticker-set-ghost-rosa-7-stueck\">\n\t\t\t\t\t\t\t\t\t<img decoding=\"async\" src=\"https:\/\/coole-sticker.de\/wp-content\/uploads\/2026\/03\/gothic-Sticker-set-ghost-rosa.png\" alt=\"Sticker-Set - Ghost Rosa - 7 St\u00fcck\"\/>                              \n\t\t\t\t\t\t\t\t<\/a>\n\t\t\t\t\t\t\t\n\t\t\t\t\t\t<\/div>\n\t\t\t\t\t\t\n\t\t\t\t\t\t<div class=\"wl-ss-product-details\">\n\n\t\t\t\t\t\t\t\n\t\t\t\t\t\t\t<div class=\"wl-ss-product-info\">\n\t\t\t\t\t\t\t\t\t\t\t\t\t\t\t\t<div class=\"wl-ss-product-name\">\n\t\t\t\t\t\t\t\t\t<a class=\"wl-gradient-heading\" href=\"https:\/\/coole-sticker.de\/?product=sticker-set-ghost-rosa-7-stueck\">Sticker-Set - Ghost Rosa - 7 St\u00fcck<\/a>\n\t\t\t\t\t\t\t\t\t<\/div>\n\t\t\t\t\t\t\t\t\n\t\t\t\t\t\t\t\t\t\t\t\t\t\t\t\t\t\t<div class=\"wl-ss-product-desc\">\n\t\t\t\t\t\t\t\t\t\t\t<p>Sticker-Set - Ghost Rosa -\u00a0 7 St\u00fcck 3 Hintergrunde: schwarz, wei\u00df, grau Alle angegebenen Preise sind Endpreise, zzgl. Liefer-\/Versandkosten. Aufgrund&hellip;<\/p>\n\t\t\t\t\t\t\t\t\t\t<\/div>\n\t\t\t\t\t\t\t\t\n\t\t\t\t\t\t\t<\/div>\n\t\t\t\t\t\t\t\t\t\t\t\t\t\t<div class=\"wl-ss-info-icons\">\n\t\t\t\t\t\t\t\t<div class=\"wl-ss-price\">\n\t\t\t\t\t\t\t\t\t<h2 class='price'><span class=\"woocommerce-Price-amount amount\">5,99&nbsp;<span class=\"woocommerce-Price-currencySymbol\">&euro;<\/span><\/span><\/h2>\n\t\t\t\t\t\t\t\t<\/div>\n\n\t\t\t\t\t\t\t\t\t\t\t\t\t\t\t\t\t\t<div class=\"wl-ss-product-cart\">\n\t\t\t\t\t\t\t\t\t\t\t<a href=\"https:\/\/coole-sticker.de\/?product=sticker-set-ghost-rosa-7-stueck\" data-quantity=\"1\" class=\"product_type_variable\" data-product_id=\"2505\" ><i class=\"fas fa-shopping-cart\"><\/i><\/a>\n\t\t\t\t\t\t\t\t\t\t<\/div>\n\t\t\t\t\t\t\t\t\t\t\t\t\t\t\t\t\t<\/div>\n\t\t\t\t\t\t<\/div>\n\t\t\t\t\t\t<\/div>\n\t\t\t\t\t\t\t\t\t<\/div>\n\n\t\t\t\t\n\t\t\t\t<div class=\"wl-ss-single-product product wl-ss-left\">\n\t\t\t\t\t\t\t\t\t\t\t<div class=\"wl-ss-single-widget\">\n\n\t\t\t\t\t\t\t\t\t\t\t<div class=\"wl-ss-product-img\">\n\n\t\t\t\t\t\t\t\t\t\t\t\t\t\t\t<a href=\"https:\/\/coole-sticker.de\/?product=sticker-set-ghost-gothic-7-stueck\">\n\t\t\t\t\t\t\t\t\t<img decoding=\"async\" src=\"https:\/\/coole-sticker.de\/wp-content\/uploads\/2026\/03\/gothic-Sticker-set-ghost.png\" alt=\"Sticker-Set - Ghost Gothic - 7 St\u00fcck\"\/>                              \n\t\t\t\t\t\t\t\t<\/a>\n\t\t\t\t\t\t\t\n\t\t\t\t\t\t<\/div>\n\t\t\t\t\t\t\n\t\t\t\t\t\t<div class=\"wl-ss-product-details\">\n\n\t\t\t\t\t\t\t\n\t\t\t\t\t\t\t<div class=\"wl-ss-product-info\">\n\t\t\t\t\t\t\t\t\t\t\t\t\t\t\t\t<div class=\"wl-ss-product-name\">\n\t\t\t\t\t\t\t\t\t<a class=\"wl-gradient-heading\" href=\"https:\/\/coole-sticker.de\/?product=sticker-set-ghost-gothic-7-stueck\">Sticker-Set - Ghost Gothic - 7 St\u00fcck<\/a>\n\t\t\t\t\t\t\t\t\t<\/div>\n\t\t\t\t\t\t\t\t\n\t\t\t\t\t\t\t\t\t\t\t\t\t\t\t\t\t\t<div class=\"wl-ss-product-desc\">\n\t\t\t\t\t\t\t\t\t\t\t<p>Sticker-Set - Ghost Gothic - 7 St\u00fcck 3 Hintergrunde: schwarz, wei\u00df, grau Alle angegebenen Preise sind Endpreise, zzgl. Liefer-\/Versandkosten. Aufgrund&hellip;<\/p>\n\t\t\t\t\t\t\t\t\t\t<\/div>\n\t\t\t\t\t\t\t\t\n\t\t\t\t\t\t\t<\/div>\n\t\t\t\t\t\t\t\t\t\t\t\t\t\t<div class=\"wl-ss-info-icons\">\n\t\t\t\t\t\t\t\t<div class=\"wl-ss-price\">\n\t\t\t\t\t\t\t\t\t<h2 class='price'><span class=\"woocommerce-Price-amount amount\">5,99&nbsp;<span class=\"woocommerce-Price-currencySymbol\">&euro;<\/span><\/span><\/h2>\n\t\t\t\t\t\t\t\t<\/div>\n\n\t\t\t\t\t\t\t\t\t\t\t\t\t\t\t\t\t\t<div class=\"wl-ss-product-cart\">\n\t\t\t\t\t\t\t\t\t\t\t<a href=\"https:\/\/coole-sticker.de\/?product=sticker-set-ghost-gothic-7-stueck\" data-quantity=\"1\" class=\"product_type_variable\" data-product_id=\"2522\" ><i class=\"fas fa-shopping-cart\"><\/i><\/a>\n\t\t\t\t\t\t\t\t\t\t<\/div>\n\t\t\t\t\t\t\t\t\t\t\t\t\t\t\t\t\t<\/div>\n\t\t\t\t\t\t<\/div>\n\t\t\t\t\t\t<\/div>\n\t\t\t\t\t\t\t\t\t<\/div>\n\n\t\t\t\t\n\t\t\t\t<div class=\"wl-ss-single-product product wl-ss-left\">\n\t\t\t\t\t\t\t\t\t\t\t<div class=\"wl-ss-single-widget\">\n\n\t\t\t\t\t\t\t\t\t\t\t<div class=\"wl-ss-product-img\">\n\n\t\t\t\t\t\t\t\t\t\t\t\t\t\t\t<a href=\"https:\/\/coole-sticker.de\/?product=sticker-set-gothic-kokett-7-stueck\">\n\t\t\t\t\t\t\t\t\t<img decoding=\"async\" src=\"https:\/\/coole-sticker.de\/wp-content\/uploads\/2026\/03\/gothic-Sticker-set-kokett.png\" alt=\"Sticker-Set - Gothic kokett - 7 St\u00fcck\"\/>                              \n\t\t\t\t\t\t\t\t<\/a>\n\t\t\t\t\t\t\t\n\t\t\t\t\t\t<\/div>\n\t\t\t\t\t\t\n\t\t\t\t\t\t<div class=\"wl-ss-product-details\">\n\n\t\t\t\t\t\t\t\n\t\t\t\t\t\t\t<div class=\"wl-ss-product-info\">\n\t\t\t\t\t\t\t\t\t\t\t\t\t\t\t\t<div class=\"wl-ss-product-name\">\n\t\t\t\t\t\t\t\t\t<a class=\"wl-gradient-heading\" href=\"https:\/\/coole-sticker.de\/?product=sticker-set-gothic-kokett-7-stueck\">Sticker-Set - Gothic kokett - 7 St\u00fcck<\/a>\n\t\t\t\t\t\t\t\t\t<\/div>\n\t\t\t\t\t\t\t\t\n\t\t\t\t\t\t\t\t\t\t\t\t\t\t\t\t\t\t<div class=\"wl-ss-product-desc\">\n\t\t\t\t\t\t\t\t\t\t\t<p>Sticker-Set - Gothic kokett - 7 St\u00fcck 3 Hintergrunde: schwarz, wei\u00df, grau Alle angegebenen Preise sind Endpreise, zzgl. Liefer-\/Versandkosten. Aufgrund&hellip;<\/p>\n\t\t\t\t\t\t\t\t\t\t<\/div>\n\t\t\t\t\t\t\t\t\n\t\t\t\t\t\t\t<\/div>\n\t\t\t\t\t\t\t\t\t\t\t\t\t\t<div class=\"wl-ss-info-icons\">\n\t\t\t\t\t\t\t\t<div class=\"wl-ss-price\">\n\t\t\t\t\t\t\t\t\t<h2 class='price'><span class=\"woocommerce-Price-amount amount\">5,99&nbsp;<span class=\"woocommerce-Price-currencySymbol\">&euro;<\/span><\/span><\/h2>\n\t\t\t\t\t\t\t\t<\/div>\n\n\t\t\t\t\t\t\t\t\t\t\t\t\t\t\t\t\t\t<div class=\"wl-ss-product-cart\">\n\t\t\t\t\t\t\t\t\t\t\t<a href=\"https:\/\/coole-sticker.de\/?product=sticker-set-gothic-kokett-7-stueck\" data-quantity=\"1\" class=\"product_type_variable\" data-product_id=\"2538\" ><i class=\"fas fa-shopping-cart\"><\/i><\/a>\n\t\t\t\t\t\t\t\t\t\t<\/div>\n\t\t\t\t\t\t\t\t\t\t\t\t\t\t\t\t\t<\/div>\n\t\t\t\t\t\t<\/div>\n\t\t\t\t\t\t<\/div>\n\t\t\t\t\t\t\t\t\t<\/div>\n\n\t\t\t\t\n\t\t\t\t<div class=\"wl-ss-single-product product wl-ss-left\">\n\t\t\t\t\t\t\t\t\t\t\t<div class=\"wl-ss-single-widget\">\n\n\t\t\t\t\t\t\t\t\t\t\t<div class=\"wl-ss-product-img\">\n\n\t\t\t\t\t\t\t\t\t\t\t\t\t\t\t<a href=\"https:\/\/coole-sticker.de\/?product=sticker-set-gothic-viktorianisch-7-stueck\">\n\t\t\t\t\t\t\t\t\t<img decoding=\"async\" src=\"https:\/\/coole-sticker.de\/wp-content\/uploads\/2026\/03\/gothic-Sticker-set-viktorianisch.png\" alt=\"Sticker-Set - Gothic Viktorianisch - 7 St\u00fcck\"\/>                              \n\t\t\t\t\t\t\t\t<\/a>\n\t\t\t\t\t\t\t\n\t\t\t\t\t\t<\/div>\n\t\t\t\t\t\t\n\t\t\t\t\t\t<div class=\"wl-ss-product-details\">\n\n\t\t\t\t\t\t\t\n\t\t\t\t\t\t\t<div class=\"wl-ss-product-info\">\n\t\t\t\t\t\t\t\t\t\t\t\t\t\t\t\t<div class=\"wl-ss-product-name\">\n\t\t\t\t\t\t\t\t\t<a class=\"wl-gradient-heading\" href=\"https:\/\/coole-sticker.de\/?product=sticker-set-gothic-viktorianisch-7-stueck\">Sticker-Set - Gothic Viktorianisch - 7 St\u00fcck<\/a>\n\t\t\t\t\t\t\t\t\t<\/div>\n\t\t\t\t\t\t\t\t\n\t\t\t\t\t\t\t\t\t\t\t\t\t\t\t\t\t\t<div class=\"wl-ss-product-desc\">\n\t\t\t\t\t\t\t\t\t\t\t<p>Sticker-Set - Gothic Viktorianisch - 7 St\u00fcck Alle angegebenen Preise sind Endpreise, zzgl. Liefer-\/Versandkosten. Aufgrund des Kleinunternehmerstatus gem. \u00a7 19&hellip;<\/p>\n\t\t\t\t\t\t\t\t\t\t<\/div>\n\t\t\t\t\t\t\t\t\n\t\t\t\t\t\t\t<\/div>\n\t\t\t\t\t\t\t\t\t\t\t\t\t\t<div class=\"wl-ss-info-icons\">\n\t\t\t\t\t\t\t\t<div class=\"wl-ss-price\">\n\t\t\t\t\t\t\t\t\t<h2 class='price'><span class=\"woocommerce-Price-amount amount\">5,99&nbsp;<span class=\"woocommerce-Price-currencySymbol\">&euro;<\/span><\/span><\/h2>\n\t\t\t\t\t\t\t\t<\/div>\n\n\t\t\t\t\t\t\t\t\t\t\t\t\t\t\t\t\t\t<div class=\"wl-ss-product-cart\">\n\t\t\t\t\t\t\t\t\t\t\t<a href=\"https:\/\/coole-sticker.de\/?product=sticker-set-gothic-viktorianisch-7-stueck\" data-quantity=\"1\" class=\"product_type_variable\" data-product_id=\"2553\" ><i class=\"fas fa-shopping-cart\"><\/i><\/a>\n\t\t\t\t\t\t\t\t\t\t<\/div>\n\t\t\t\t\t\t\t\t\t\t\t\t\t\t\t\t\t<\/div>\n\t\t\t\t\t\t<\/div>\n\t\t\t\t\t\t<\/div>\n\t\t\t\t\t\t\t\t\t<\/div>\n\n\t\t\t\t\n\t\t\t\t<div class=\"wl-ss-single-product product wl-ss-left\">\n\t\t\t\t\t\t\t\t\t\t\t<div class=\"wl-ss-single-widget\">\n\n\t\t\t\t\t\t\t\t\t\t\t<div class=\"wl-ss-product-img\">\n\n\t\t\t\t\t\t\t\t\t\t\t\t\t\t\t<a href=\"https:\/\/coole-sticker.de\/?product=sticker-set-gothic-halloween-7-stueck\">\n\t\t\t\t\t\t\t\t\t<img decoding=\"async\" src=\"https:\/\/coole-sticker.de\/wp-content\/uploads\/2026\/03\/sticker-set-halloween.png\" alt=\"Sticker-Set - Gothic Halloween - 7 St\u00fcck\"\/>                              \n\t\t\t\t\t\t\t\t<\/a>\n\t\t\t\t\t\t\t\n\t\t\t\t\t\t<\/div>\n\t\t\t\t\t\t\n\t\t\t\t\t\t<div class=\"wl-ss-product-details\">\n\n\t\t\t\t\t\t\t\n\t\t\t\t\t\t\t<div class=\"wl-ss-product-info\">\n\t\t\t\t\t\t\t\t\t\t\t\t\t\t\t\t<div class=\"wl-ss-product-name\">\n\t\t\t\t\t\t\t\t\t<a class=\"wl-gradient-heading\" href=\"https:\/\/coole-sticker.de\/?product=sticker-set-gothic-halloween-7-stueck\">Sticker-Set - Gothic Halloween - 7 St\u00fcck<\/a>\n\t\t\t\t\t\t\t\t\t<\/div>\n\t\t\t\t\t\t\t\t\n\t\t\t\t\t\t\t\t\t\t\t\t\t\t\t\t\t\t<div class=\"wl-ss-product-desc\">\n\t\t\t\t\t\t\t\t\t\t\t<p>Sticker-Set - Gothic Halloween - 7 St\u00fcck Alle angegebenen Preise sind Endpreise zzgl. Liefer-\/Versandkosten. Aufgrund des Kleinunternehmerstatus gem. \u00a7 19&hellip;<\/p>\n\t\t\t\t\t\t\t\t\t\t<\/div>\n\t\t\t\t\t\t\t\t\n\t\t\t\t\t\t\t<\/div>\n\t\t\t\t\t\t\t\t\t\t\t\t\t\t<div class=\"wl-ss-info-icons\">\n\t\t\t\t\t\t\t\t<div class=\"wl-ss-price\">\n\t\t\t\t\t\t\t\t\t<h2 class='price'><span class=\"woocommerce-Price-amount amount\">5,99&nbsp;<span class=\"woocommerce-Price-currencySymbol\">&euro;<\/span><\/span><\/h2>\n\t\t\t\t\t\t\t\t<\/div>\n\n\t\t\t\t\t\t\t\t\t\t\t\t\t\t\t\t\t\t<div class=\"wl-ss-product-cart\">\n\t\t\t\t\t\t\t\t\t\t\t<a href=\"https:\/\/coole-sticker.de\/?product=sticker-set-gothic-halloween-7-stueck\" data-quantity=\"1\" class=\"product_type_variable\" data-product_id=\"2625\" ><i class=\"fas fa-shopping-cart\"><\/i><\/a>\n\t\t\t\t\t\t\t\t\t\t<\/div>\n\t\t\t\t\t\t\t\t\t\t\t\t\t\t\t\t\t<\/div>\n\t\t\t\t\t\t<\/div>\n\t\t\t\t\t\t<\/div>\n\t\t\t\t\t\t\t\t\t<\/div>\n\n\t\t\t\t\n\t\t\t\t<div class=\"wl-ss-single-product product wl-ss-left\">\n\t\t\t\t\t\t\t\t\t\t\t<div class=\"wl-ss-single-widget\">\n\n\t\t\t\t\t\t\t\t\t\t\t<div class=\"wl-ss-product-img\">\n\n\t\t\t\t\t\t\t\t\t\t\t\t\t\t\t<a href=\"https:\/\/coole-sticker.de\/?product=sticker-set-halloween-rosa-schwarz-7-stueck\">\n\t\t\t\t\t\t\t\t\t<img decoding=\"async\" src=\"https:\/\/coole-sticker.de\/wp-content\/uploads\/2026\/03\/sticker-set-halloween-rosa-schwarz-SET-1.png\" alt=\"Sticker-Set - Halloween - Rosa- Schwarz - 7 St\u00fcck\"\/>                              \n\t\t\t\t\t\t\t\t<\/a>\n\t\t\t\t\t\t\t\n\t\t\t\t\t\t<\/div>\n\t\t\t\t\t\t\n\t\t\t\t\t\t<div class=\"wl-ss-product-details\">\n\n\t\t\t\t\t\t\t\n\t\t\t\t\t\t\t<div class=\"wl-ss-product-info\">\n\t\t\t\t\t\t\t\t\t\t\t\t\t\t\t\t<div class=\"wl-ss-product-name\">\n\t\t\t\t\t\t\t\t\t<a class=\"wl-gradient-heading\" href=\"https:\/\/coole-sticker.de\/?product=sticker-set-halloween-rosa-schwarz-7-stueck\">Sticker-Set - Halloween - Rosa- Schwarz - 7 St\u00fcck<\/a>\n\t\t\t\t\t\t\t\t\t<\/div>\n\t\t\t\t\t\t\t\t\n\t\t\t\t\t\t\t\t\t\t\t\t\t\t\t\t\t\t<div class=\"wl-ss-product-desc\">\n\t\t\t\t\t\t\t\t\t\t\t<p>Sticker-Set - Halloween - Rosa- Schwarz - 7 St\u00fcck Alle angegebenen Preise sind Endpreise zzgl. Liefer-\/Versandkosten. Aufgrund des Kleinunternehmerstatus gem.&hellip;<\/p>\n\t\t\t\t\t\t\t\t\t\t<\/div>\n\t\t\t\t\t\t\t\t\n\t\t\t\t\t\t\t<\/div>\n\t\t\t\t\t\t\t\t\t\t\t\t\t\t<div class=\"wl-ss-info-icons\">\n\t\t\t\t\t\t\t\t<div class=\"wl-ss-price\">\n\t\t\t\t\t\t\t\t\t<h2 class='price'><span class=\"woocommerce-Price-amount amount\">5,99&nbsp;<span class=\"woocommerce-Price-currencySymbol\">&euro;<\/span><\/span><\/h2>\n\t\t\t\t\t\t\t\t<\/div>\n\n\t\t\t\t\t\t\t\t\t\t\t\t\t\t\t\t\t\t<div class=\"wl-ss-product-cart\">\n\t\t\t\t\t\t\t\t\t\t\t<a href=\"https:\/\/coole-sticker.de\/?product=sticker-set-halloween-rosa-schwarz-7-stueck\" data-quantity=\"1\" class=\"product_type_variable\" data-product_id=\"2632\" ><i class=\"fas fa-shopping-cart\"><\/i><\/a>\n\t\t\t\t\t\t\t\t\t\t<\/div>\n\t\t\t\t\t\t\t\t\t\t\t\t\t\t\t\t\t<\/div>\n\t\t\t\t\t\t<\/div>\n\t\t\t\t\t\t<\/div>\n\t\t\t\t\t\t\t\t\t<\/div>\n\n\t\t\t\t\t\t<\/div>\n\t<\/div>\n\t<\/div>\n\n\t<div class='wl-ss-pagination '>  \n\n\t<span aria-label=\"Seite 1\" aria-current=\"page\" class=\"page-numbers current\">1<\/span>\n<a aria-label=\"Seite 2\" class=\"page-numbers\" href=\"https:\/\/coole-sticker.de\/index.php?rest_route=%2Fwp%2Fv2%2Fpages%2F19&#038;paged=2\">2<\/a>\n<a aria-label=\"Seite 3\" class=\"page-numbers\" href=\"https:\/\/coole-sticker.de\/index.php?rest_route=%2Fwp%2Fv2%2Fpages%2F19&#038;paged=3\">3<\/a>\n<a class=\"next page-numbers\" href=\"https:\/\/coole-sticker.de\/index.php?rest_route=%2Fwp%2Fv2%2Fpages%2F19&#038;paged=2\"><i class=\"fas fa-chevron-right\"><\/i><\/a>\t<\/div>\n\t\t\t<\/div>\n\n\t\t\t\t\t\t<\/div>\n\t\t\t\t<\/div>\n\t\t\t\t\t<\/div>\n\t\t\t\t<\/div>\n\t\t\t\t<\/div>\n\t\t","protected":false},"excerpt":{"rendered":"<p>Hier finden Sie komplette Sticker Sets zu verschiedenen Themen. Au\u00dfer unseren selbstklebenden Aufklebern bieten wir auch Sets als Wasserschiebefolie (Abziehbilder) an. Selbstklebende Aufkleber biten wir oft als matte und gl\u00e4nzende [&hellip;]<\/p>\n","protected":false},"author":1,"featured_media":0,"parent":0,"menu_order":0,"comment_status":"closed","ping_status":"closed","template":"","meta":{"footnotes":""},"class_list":["post-19","page","type-page","status-publish","hentry"],"_links":{"self":[{"href":"https:\/\/coole-sticker.de\/index.php?rest_route=\/wp\/v2\/pages\/19","targetHints":{"allow":["GET"]}}],"collection":[{"href":"https:\/\/coole-sticker.de\/index.php?rest_route=\/wp\/v2\/pages"}],"about":[{"href":"https:\/\/coole-sticker.de\/index.php?rest_route=\/wp\/v2\/types\/page"}],"author":[{"embeddable":true,"href":"https:\/\/coole-sticker.de\/index.php?rest_route=\/wp\/v2\/users\/1"}],"replies":[{"embeddable":true,"href":"https:\/\/coole-sticker.de\/index.php?rest_route=%2Fwp%2Fv2%2Fcomments&post=19"}],"version-history":[{"count":28,"href":"https:\/\/coole-sticker.de\/index.php?rest_route=\/wp\/v2\/pages\/19\/revisions"}],"predecessor-version":[{"id":844,"href":"https:\/\/coole-sticker.de\/index.php?rest_route=\/wp\/v2\/pages\/19\/revisions\/844"}],"wp:attachment":[{"href":"https:\/\/coole-sticker.de\/index.php?rest_route=%2Fwp%2Fv2%2Fmedia&parent=19"}],"curies":[{"name":"wp","href":"https:\/\/api.w.org\/{rel}","templated":true}]}}